{"id":5661,"date":"2026-02-02T19:50:12","date_gmt":"2026-02-02T18:50:12","guid":{"rendered":"https:\/\/www.parcoversinvigna.it\/?page_id=5661"},"modified":"2026-02-03T15:37:19","modified_gmt":"2026-02-03T14:37:19","slug":"sentiero-remo-poggio","status":"publish","type":"page","link":"https:\/\/www.parcoversinvigna.it\/en\/sentiero-remo-poggio\/","title":{"rendered":"Sentiero Remo Poggio"},"content":{"rendered":"\t\t<div data-elementor-type=\"wp-page\" data-elementor-id=\"5661\" class=\"elementor elementor-5661\" data-elementor-post-type=\"page\">\n\t\t\t\t\t\t<section class=\"elementor-section elementor-top-section elementor-element elementor-element-11399bb elementor-section-full_width elementor-section-height-default elementor-section-height-default\" data-id=\"11399bb\" data-element_type=\"section\" data-e-type=\"section\" data-settings=\"{&quot;shape_divider_bottom&quot;:&quot;wave-brush&quot;}\">\n\t\t\t\t\t<div class=\"elementor-shape elementor-shape-bottom\" aria-hidden=\"true\" data-negative=\"false\">\n\t\t\t<svg xmlns=\"http:\/\/www.w3.org\/2000\/svg\" viewBox=\"0 0 283.5 27.8\" preserveAspectRatio=\"none\">\n\t<path class=\"elementor-shape-fill\" d=\"M283.5,9.7c0,0-7.3,4.3-14,4.6c-6.8,0.3-12.6,0-20.9-1.5c-11.3-2-33.1-10.1-44.7-5.7\ts-12.1,4.6-18,7.4c-6.6,3.2-20,9.6-36.6,9.3C131.6,23.5,99.5,7.2,86.3,8c-1.4,0.1-6.6,0.8-10.5,2c-3.8,1.2-9.4,3.8-17,4.7\tc-3.2,0.4-8.3,1.1-14.2,0.9c-1.5-0.1-6.3-0.4-12-1.6c-5.7-1.2-11-3.1-15.8-3.7C6.5,9.2,0,10.8,0,10.8V0h283.5V9.7z M260.8,11.3\tc-0.7-1-2-0.4-4.3-0.4c-2.3,0-6.1-1.2-5.8-1.1c0.3,0.1,3.1,1.5,6,1.9C259.7,12.2,261.4,12.3,260.8,11.3z M242.4,8.6\tc0,0-2.4-0.2-5.6-0.9c-3.2-0.8-10.3-2.8-15.1-3.5c-8.2-1.1-15.8,0-15.1,0.1c0.8,0.1,9.6-0.6,17.6,1.1c3.3,0.7,9.3,2.2,12.4,2.7\tC239.9,8.7,242.4,8.6,242.4,8.6z M185.2,8.5c1.7-0.7-13.3,4.7-18.5,6.1c-2.1,0.6-6.2,1.6-10,2c-3.9,0.4-8.9,0.4-8.8,0.5\tc0,0.2,5.8,0.8,11.2,0c5.4-0.8,5.2-1.1,7.6-1.6C170.5,14.7,183.5,9.2,185.2,8.5z M199.1,6.9c0.2,0-0.8-0.4-4.8,1.1\tc-4,1.5-6.7,3.5-6.9,3.7c-0.2,0.1,3.5-1.8,6.6-3C197,7.5,199,6.9,199.1,6.9z M283,6c-0.1,0.1-1.9,1.1-4.8,2.5s-6.9,2.8-6.7,2.7\tc0.2,0,3.5-0.6,7.4-2.5C282.8,6.8,283.1,5.9,283,6z M31.3,11.6c0.1-0.2-1.9-0.2-4.5-1.2s-5.4-1.6-7.8-2C15,7.6,7.3,8.5,7.7,8.6\tC8,8.7,15.9,8.3,20.2,9.3c2.2,0.5,2.4,0.5,5.7,1.6S31.2,11.9,31.3,11.6z M73,9.2c0.4-0.1,3.5-1.6,8.4-2.6c4.9-1.1,8.9-0.5,8.9-0.8\tc0-0.3-1-0.9-6.2-0.3S72.6,9.3,73,9.2z M71.6,6.7C71.8,6.8,75,5.4,77.3,5c2.3-0.3,1.9-0.5,1.9-0.6c0-0.1-1.1-0.2-2.7,0.2\tC74.8,5.1,71.4,6.6,71.6,6.7z M93.6,4.4c0.1,0.2,3.5,0.8,5.6,1.8c2.1,1,1.8,0.6,1.9,0.5c0.1-0.1-0.8-0.8-2.4-1.3\tC97.1,4.8,93.5,4.2,93.6,4.4z M65.4,11.1c-0.1,0.3,0.3,0.5,1.9-0.2s2.6-1.3,2.2-1.2s-0.9,0.4-2.5,0.8C65.3,10.9,65.5,10.8,65.4,11.1\tz M34.5,12.4c-0.2,0,2.1,0.8,3.3,0.9c1.2,0.1,2,0.1,2-0.2c0-0.3-0.1-0.5-1.6-0.4C36.6,12.8,34.7,12.4,34.5,12.4z M152.2,21.1\tc-0.1,0.1-2.4-0.3-7.5-0.3c-5,0-13.6-2.4-17.2-3.5c-3.6-1.1,10,3.9,16.5,4.1C150.5,21.6,152.3,21,152.2,21.1z\"\/>\n\t<path class=\"elementor-shape-fill\" d=\"M269.6,18c-0.1-0.1-4.6,0.3-7.2,0c-7.3-0.7-17-3.2-16.6-2.9c0.4,0.3,13.7,3.1,17,3.3\tC267.7,18.8,269.7,18,269.6,18z\"\/>\n\t<path class=\"elementor-shape-fill\" d=\"M227.4,9.8c-0.2-0.1-4.5-1-9.5-1.2c-5-0.2-12.7,0.6-12.3,0.5c0.3-0.1,5.9-1.8,13.3-1.2\tS227.6,9.9,227.4,9.8z\"\/>\n\t<path class=\"elementor-shape-fill\" d=\"M204.5,13.4c-0.1-0.1,2-1,3.2-1.1c1.2-0.1,2,0,2,0.3c0,0.3-0.1,0.5-1.6,0.4\tC206.4,12.9,204.6,13.5,204.5,13.4z\"\/>\n\t<path class=\"elementor-shape-fill\" d=\"M201,10.6c0-0.1-4.4,1.2-6.3,2.2c-1.9,0.9-6.2,3.1-6.1,3.1c0.1,0.1,4.2-1.6,6.3-2.6\tS201,10.7,201,10.6z\"\/>\n\t<path class=\"elementor-shape-fill\" d=\"M154.5,26.7c-0.1-0.1-4.6,0.3-7.2,0c-7.3-0.7-17-3.2-16.6-2.9c0.4,0.3,13.7,3.1,17,3.3\tC152.6,27.5,154.6,26.8,154.5,26.7z\"\/>\n\t<path class=\"elementor-shape-fill\" d=\"M41.9,19.3c0,0,1.2-0.3,2.9-0.1c1.7,0.2,5.8,0.9,8.2,0.7c4.2-0.4,7.4-2.7,7-2.6\tc-0.4,0-4.3,2.2-8.6,1.9c-1.8-0.1-5.1-0.5-6.7-0.4S41.9,19.3,41.9,19.3z\"\/>\n\t<path class=\"elementor-shape-fill\" d=\"M75.5,12.6c0.2,0.1,2-0.8,4.3-1.1c2.3-0.2,2.1-0.3,2.1-0.5c0-0.1-1.8-0.4-3.4,0\tC76.9,11.5,75.3,12.5,75.5,12.6z\"\/>\n\t<path class=\"elementor-shape-fill\" d=\"M15.6,13.2c0-0.1,4.3,0,6.7,0.5c2.4,0.5,5,1.9,5,2c0,0.1-2.7-0.8-5.1-1.4\tC19.9,13.7,15.7,13.3,15.6,13.2z\"\/>\n<\/svg>\t\t<\/div>\n\t\t\t\t\t<div class=\"elementor-container elementor-column-gap-default\">\n\t\t\t\t\t<div class=\"elementor-column elementor-col-100 elementor-top-column elementor-element elementor-element-2f8be24\" data-id=\"2f8be24\" data-element_type=\"column\" data-e-type=\"column\">\n\t\t\t<div class=\"elementor-widget-wrap elementor-element-populated\">\n\t\t\t\t\t\t<div class=\"elementor-element elementor-element-6653439 elementor-widget elementor-widget-image\" data-id=\"6653439\" data-element_type=\"widget\" data-e-type=\"widget\" data-widget_type=\"image.default\">\n\t\t\t\t<div class=\"elementor-widget-container\">\n\t\t\t\t\t\t\t\t\t\t\t\t\t\t\t<img fetchpriority=\"high\" decoding=\"async\" width=\"1200\" height=\"800\" src=\"https:\/\/www.parcoversinvigna.it\/wp-content\/uploads\/2026\/02\/foto-sentiero-remo-poggio.webp\" class=\"attachment-full size-full wp-image-5360\" alt=\"Foto sentiero Remo Poggio\" srcset=\"https:\/\/www.parcoversinvigna.it\/wp-content\/uploads\/2026\/02\/foto-sentiero-remo-poggio.webp 1200w, https:\/\/www.parcoversinvigna.it\/wp-content\/uploads\/2026\/02\/foto-sentiero-remo-poggio-300x200.webp 300w, https:\/\/www.parcoversinvigna.it\/wp-content\/uploads\/2026\/02\/foto-sentiero-remo-poggio-1024x683.webp 1024w, https:\/\/www.parcoversinvigna.it\/wp-content\/uploads\/2026\/02\/foto-sentiero-remo-poggio-768x512.webp 768w\" sizes=\"(max-width: 1200px) 100vw, 1200px\" \/>\t\t\t\t\t\t\t\t\t\t\t\t\t\t\t<\/div>\n\t\t\t\t<\/div>\n\t\t\t\t<div class=\"elementor-element elementor-element-58ec1e8 elementor-widget elementor-widget-heading\" data-id=\"58ec1e8\" data-element_type=\"widget\" data-e-type=\"widget\" data-widget_type=\"heading.default\">\n\t\t\t\t<div class=\"elementor-widget-container\">\n\t\t\t\t\t<h1 class=\"elementor-heading-title elementor-size-default\">Sentiero Remo Poggio<\/h1>\t\t\t\t<\/div>\n\t\t\t\t<\/div>\n\t\t\t\t\t<\/div>\n\t\t<\/div>\n\t\t\t\t\t<\/div>\n\t\t<\/section>\n\t\t\t\t<section class=\"elementor-section elementor-top-section elementor-element elementor-element-73f8214 elementor-section-boxed elementor-section-height-default elementor-section-height-default\" data-id=\"73f8214\" data-element_type=\"section\" data-e-type=\"section\" data-settings=\"{&quot;background_background&quot;:&quot;classic&quot;}\">\n\t\t\t\t\t\t<div class=\"elementor-container elementor-column-gap-default\">\n\t\t\t\t\t<div class=\"elementor-column elementor-col-100 elementor-top-column elementor-element elementor-element-cbf2277\" data-id=\"cbf2277\" data-element_type=\"column\" data-e-type=\"column\">\n\t\t\t<div class=\"elementor-widget-wrap elementor-element-populated\">\n\t\t\t\t\t\t<div class=\"elementor-element elementor-element-31a320f elementor-widget elementor-widget-heading\" data-id=\"31a320f\" data-element_type=\"widget\" data-e-type=\"widget\" data-widget_type=\"heading.default\">\n\t\t\t\t<div class=\"elementor-widget-container\">\n\t\t\t\t\t<h2 class=\"elementor-heading-title elementor-size-default\">Percorso<\/h2>\t\t\t\t<\/div>\n\t\t\t\t<\/div>\n\t\t\t\t\t<\/div>\n\t\t<\/div>\n\t\t\t\t\t<\/div>\n\t\t<\/section>\n\t\t\t\t<section class=\"elementor-section elementor-top-section elementor-element elementor-element-d6e038b elementor-section-boxed elementor-section-height-default elementor-section-height-default\" data-id=\"d6e038b\" data-element_type=\"section\" data-e-type=\"section\" data-settings=\"{&quot;background_background&quot;:&quot;classic&quot;}\">\n\t\t\t\t\t\t<div class=\"elementor-container elementor-column-gap-default\">\n\t\t\t\t\t<div class=\"elementor-column elementor-col-100 elementor-top-column elementor-element elementor-element-4c8d0d4\" data-id=\"4c8d0d4\" data-element_type=\"column\" data-e-type=\"column\">\n\t\t\t<div class=\"elementor-widget-wrap elementor-element-populated\">\n\t\t\t\t\t\t<div class=\"elementor-element elementor-element-d53eb25 elementor-widget elementor-widget-text-editor\" data-id=\"d53eb25\" data-element_type=\"widget\" data-e-type=\"widget\" data-widget_type=\"text-editor.default\">\n\t\t\t\t<div class=\"elementor-widget-container\">\n\t\t\t\t\t\t\t\t\tPartendo dalla piazza centrale del paese si esce dal nucleo abitato in direzione sud, verso Mango, e appena ha inizio la salita, ancora tra le case del paese, si svolta a destra sotto dei palazzi condominiali; si percorre un piano che diventa sterrato e dopo circa 200 m. si prende il sentiero che sale a sinistra costeggiando una vigna e un piccolo prato, arrivando ad una area di sosta attrezzata; di qui il percorso continua ancora in direzione sud immettendosi, all\u2019interno di una curva, sull\u2019asfalto della strada provinciale, salendo fino a raggiungere l\u2019incrocio con strada San Carlo-Marini, dove si sceglie la sinistra. Dopo circa 40 m., al primo piccolo incrocio, si imbocca una stradina che sale ripidamente a destra e dopo pochi metri si svolta a sinistra per salire nella direzione della chiesetta soprastante. Lasciata la chiesa di San Carlo, si percorre la strada piana e sterrata verso sud seguendo la cresta della collina; al termine del piano, dove la strada inizia a scendere a destra, si mantiene il percorso in cresta, proseguendo dritti sull\u2019erba, tra una vigna a destra e un prato con alberi da frutto sulla sinistra; si infila la stradina in discesa con la vigna sulla sinistra per arrivare in fondo sull\u2019asfalto di una strada comunale, qui si sceglie la sinistra e dopo circa 30 m. si svolta a destra sulla strada sterrata tra le vigne; questo tratto termina con una svolta a destra sempre in discesa, arrivando sulla trafficata strada provinciale. Con attenzione, si prosegue a destra sull\u2019asfalto per arrivare all\u2019incrocio e alla piccola rotonda; ora a sinistra in direzione Brosia e dopo circa 1 Km, dietro l\u2019angolo di una cascina, si svolta bruscamente a sinistra sulla strada Caudrina che si lascia poi dopo appena una decina di metri per scegliere, sulla sinistra, una ripida discesa su sterrato tra le vigne. Seguendo la stradina e mantenendo la destra in un piccolo bivio di capezzagne, si raggiunge la strada asfaltata che si attraversa seguendo i cartelli, aggirando una borgata di cascine e riprendendo il percorso sterrato che scende dolcemente fino a valle infilandosi in una piccola macchia di bosco. Si ritrova l\u2019asfalto di una strada secondaria che, tenendo la destra, porta dopo pochi metri alla strada asfaltata comunale che si segue a sinistra in un lungo rettilineo attraverso la valle Bera. Si lascia l\u2019asfalto dopo circa 1.5 Km immettendosi a destra, all\u2019indicazione, sulla strada sterrata che risale la valle in una salita piuttosto ripida nel primissimo tratto e pi\u00f9 dolce successivamente. Aumenta nuovamente la ripidit\u00e0 nell\u2019ultima parte dello sterrato e si ritrova l\u2019asfalto presso il borgo di case Forti; da qui il percorso \u00e8 pressoch\u00e9 rettilineo e in costante salita fino alla sommit\u00e0 della collina, all\u2019immissione con la strada provinciale di localit\u00e0 Brosia lasciata precedentemente: a questo punto si sceglie la sinistra e dopo circa 10 m. si imbocca una capezzagna a destra sotto la provinciale che scende tra i vigneti curvando subito a destra e poi a sinistra e ancora a destra verso il fondo, per arrivare su una comoda strada sterrata. Si sale a destra sulla strada fino a ritrovare l\u2019asfalto della provinciale, qui a sinistra fino all\u2019incrocio gi\u00e0 attraversato in precedenza, dove si sceglie sempre l\u2019asfalto in direzione sinistra verso il paese di partenza; nel tratto in discesa, si imbocca nella curva il sentiero a sinistra, che porta all\u2019area attrezzata; si scende poi lungo il versante della collina per arrivare alla stradina sterrata in fondo, qui a destra in piano fino a ritrovare l\u2019asfalto per svoltare a sinistra e raggiungere la piazza del paese.\t\t\t\t\t\t\t\t<\/div>\n\t\t\t\t<\/div>\n\t\t\t\t\t<\/div>\n\t\t<\/div>\n\t\t\t\t\t<\/div>\n\t\t<\/section>\n\t\t\t\t<section class=\"elementor-section elementor-top-section elementor-element elementor-element-e4081e4 elementor-section-boxed elementor-section-height-default elementor-section-height-default\" data-id=\"e4081e4\" data-element_type=\"section\" data-e-type=\"section\" data-settings=\"{&quot;background_background&quot;:&quot;classic&quot;}\">\n\t\t\t\t\t\t<div class=\"elementor-container elementor-column-gap-default\">\n\t\t\t\t\t<div class=\"elementor-column elementor-col-100 elementor-top-column elementor-element elementor-element-0b4bd51\" data-id=\"0b4bd51\" data-element_type=\"column\" data-e-type=\"column\">\n\t\t\t<div class=\"elementor-widget-wrap elementor-element-populated\">\n\t\t\t\t\t\t<div class=\"elementor-element elementor-element-4d2709e elementor-widget elementor-widget-heading\" data-id=\"4d2709e\" data-element_type=\"widget\" data-e-type=\"widget\" data-widget_type=\"heading.default\">\n\t\t\t\t<div class=\"elementor-widget-container\">\n\t\t\t\t\t<h2 class=\"elementor-heading-title elementor-size-default\">Descrizione<\/h2>\t\t\t\t<\/div>\n\t\t\t\t<\/div>\n\t\t\t\t\t<\/div>\n\t\t<\/div>\n\t\t\t\t\t<\/div>\n\t\t<\/section>\n\t\t\t\t<section class=\"elementor-section elementor-top-section elementor-element elementor-element-013427c elementor-section-boxed elementor-section-height-default elementor-section-height-default\" data-id=\"013427c\" data-element_type=\"section\" data-e-type=\"section\" data-settings=\"{&quot;background_background&quot;:&quot;classic&quot;}\">\n\t\t\t\t\t\t<div class=\"elementor-container elementor-column-gap-default\">\n\t\t\t\t\t<div class=\"elementor-column elementor-col-100 elementor-top-column elementor-element elementor-element-7afa115\" data-id=\"7afa115\" data-element_type=\"column\" data-e-type=\"column\">\n\t\t\t<div class=\"elementor-widget-wrap elementor-element-populated\">\n\t\t\t\t\t\t<div class=\"elementor-element elementor-element-a56f447 elementor-widget elementor-widget-text-editor\" data-id=\"a56f447\" data-element_type=\"widget\" data-e-type=\"widget\" data-widget_type=\"text-editor.default\">\n\t\t\t\t<div class=\"elementor-widget-container\">\n\t\t\t\t\t\t\t\t\t<p>Nella prima parte, si trova l\u2019<b>area attrezzata per la sosta<\/b>, appena sopra il paese; il panorama \u00e8 gi\u00e0 vasto e si arricchisce, estendendosi ulteriormente, dalla <b>chiesa campestre dedicata a San Carlo<\/b>: il punto pi\u00f9 alto del territorio comunale. Lasciata la chiesetta, sul piano sterrato di cresta ci sono <b>alberi di Ciliegio<\/b> e, in fondo, <b>un vecchio e grande esemplare di Mandorlo<\/b>. Proseguendo sul prato, si passa accanto ad <b>alberi di Pesco<\/b>: qui il panorama \u00e8 aperto a sinistra sulla <b>valle Belbo<\/b> e si vede in lontananza il piccolo paese di <b>Camo<\/b>; pi\u00f9 avanti compare in basso <b>Valdivilla<\/b>, frazione del Comune di <b>S. Stefano Belbo<\/b>, con la sua chiesa in sommit\u00e0. La visuale panoramica si sposta poi verso ovest, sulla <b>valle del Tanaro<\/b> e, nelle giornate limpide, sul grande spettacolo della catena montuosa delle <b>Alpi<\/b> con il <b>Monviso<\/b> ben riconoscibile. Pi\u00f9 avanti, il tratto sterrato scende tra vigne coltivate a mano nella <b>Valle Bera<\/b>; ancora vigne, quasi tutte di <b>uva Moscato<\/b>, piccoli frutteti e qualche <b>ulivo<\/b> intorno a vecchie cascine, alcune di queste ristrutturate.<br>La macchia di bosco segna il fondo della valle e offre in primavera la luce colorata delle <b>Primule<\/b> e delle <b>Violette<\/b> anche bianche; in estate le <b>Gagg\u00ece<\/b> e le <b>Acacie<\/b> regalano un po\u2019 di ombra per il caldo. Il lungo rettilineo asfaltato \u00e8 una strada comunale che pu\u00f2 portare ai paesi di <b>Castagnole Lanze<\/b> o <b>Coazzolo<\/b>. Quando si risale su sterrato si \u00e8 su un versante ad ovest coperto da <b>grandi vigneti di Moscato<\/b>; in una curva \u00e8 possibile notare la particolare lunghezza di alcuni <b>filari<\/b> mentre una nuda parete della collina rivela gli <b>strati di tufo<\/b> che compongono questo fertile terreno. Il panorama \u00e8 sempre aperto verso <b>l\u2019albese<\/b>, le colline del <b>Roero<\/b> e la cornice dei monti, con buona visibilit\u00e0. La piccola borgata dei <b>Forti<\/b>, che si attraversa risalendo, pare sia stata il sito di una <b>fornace in epoca romana<\/b> ed ha mantenuto in parte il fascino delle vecchie e sperdute <b>cascine di campagna<\/b>; accanto alla strada \u00e8 possibile vedere ancora i locali di ci\u00f2 che era una <b>stalla<\/b>. Salendo ancora si riapre il panorama di vigne tutt\u2019intorno, si costeggia un piccolo <b>pilone votivo<\/b> e, quasi in cima, si pu\u00f2 notare sulla sponda sinistra una pianta di olivo che ha attraversato il tempo. Raggiunto il crinale, di fronte il paese di <b>Castiglione Tinella<\/b> \u00e8 visibile sopra le <b>rocche<\/b> nel suo versante occidentale; si scende ancora tra i <b>vigneti di uva Moscato<\/b> verso il <b>Rio delle Rocche<\/b> e la strada che risale attraversa poi un <b>noccioleto<\/b>. Ritornando al paese di partenza si riaprono i panorami a ovest, nord ed est, e si ripassa dalla <b>area di sosta attrezzata<\/b> prima di scendere sulla piazza.<\/p>\t\t\t\t\t\t\t\t<\/div>\n\t\t\t\t<\/div>\n\t\t\t\t\t<\/div>\n\t\t<\/div>\n\t\t\t\t\t<\/div>\n\t\t<\/section>\n\t\t\t\t<section class=\"elementor-section elementor-top-section elementor-element elementor-element-18aabc2 elementor-section-boxed elementor-section-height-default elementor-section-height-default\" data-id=\"18aabc2\" data-element_type=\"section\" data-e-type=\"section\" data-settings=\"{&quot;background_background&quot;:&quot;classic&quot;,&quot;shape_divider_top&quot;:&quot;wave-brush&quot;}\">\n\t\t\t\t\t<div class=\"elementor-shape elementor-shape-top\" aria-hidden=\"true\" data-negative=\"false\">\n\t\t\t<svg xmlns=\"http:\/\/www.w3.org\/2000\/svg\" viewBox=\"0 0 283.5 27.8\" preserveAspectRatio=\"none\">\n\t<path class=\"elementor-shape-fill\" d=\"M283.5,9.7c0,0-7.3,4.3-14,4.6c-6.8,0.3-12.6,0-20.9-1.5c-11.3-2-33.1-10.1-44.7-5.7\ts-12.1,4.6-18,7.4c-6.6,3.2-20,9.6-36.6,9.3C131.6,23.5,99.5,7.2,86.3,8c-1.4,0.1-6.6,0.8-10.5,2c-3.8,1.2-9.4,3.8-17,4.7\tc-3.2,0.4-8.3,1.1-14.2,0.9c-1.5-0.1-6.3-0.4-12-1.6c-5.7-1.2-11-3.1-15.8-3.7C6.5,9.2,0,10.8,0,10.8V0h283.5V9.7z M260.8,11.3\tc-0.7-1-2-0.4-4.3-0.4c-2.3,0-6.1-1.2-5.8-1.1c0.3,0.1,3.1,1.5,6,1.9C259.7,12.2,261.4,12.3,260.8,11.3z M242.4,8.6\tc0,0-2.4-0.2-5.6-0.9c-3.2-0.8-10.3-2.8-15.1-3.5c-8.2-1.1-15.8,0-15.1,0.1c0.8,0.1,9.6-0.6,17.6,1.1c3.3,0.7,9.3,2.2,12.4,2.7\tC239.9,8.7,242.4,8.6,242.4,8.6z M185.2,8.5c1.7-0.7-13.3,4.7-18.5,6.1c-2.1,0.6-6.2,1.6-10,2c-3.9,0.4-8.9,0.4-8.8,0.5\tc0,0.2,5.8,0.8,11.2,0c5.4-0.8,5.2-1.1,7.6-1.6C170.5,14.7,183.5,9.2,185.2,8.5z M199.1,6.9c0.2,0-0.8-0.4-4.8,1.1\tc-4,1.5-6.7,3.5-6.9,3.7c-0.2,0.1,3.5-1.8,6.6-3C197,7.5,199,6.9,199.1,6.9z M283,6c-0.1,0.1-1.9,1.1-4.8,2.5s-6.9,2.8-6.7,2.7\tc0.2,0,3.5-0.6,7.4-2.5C282.8,6.8,283.1,5.9,283,6z M31.3,11.6c0.1-0.2-1.9-0.2-4.5-1.2s-5.4-1.6-7.8-2C15,7.6,7.3,8.5,7.7,8.6\tC8,8.7,15.9,8.3,20.2,9.3c2.2,0.5,2.4,0.5,5.7,1.6S31.2,11.9,31.3,11.6z M73,9.2c0.4-0.1,3.5-1.6,8.4-2.6c4.9-1.1,8.9-0.5,8.9-0.8\tc0-0.3-1-0.9-6.2-0.3S72.6,9.3,73,9.2z M71.6,6.7C71.8,6.8,75,5.4,77.3,5c2.3-0.3,1.9-0.5,1.9-0.6c0-0.1-1.1-0.2-2.7,0.2\tC74.8,5.1,71.4,6.6,71.6,6.7z M93.6,4.4c0.1,0.2,3.5,0.8,5.6,1.8c2.1,1,1.8,0.6,1.9,0.5c0.1-0.1-0.8-0.8-2.4-1.3\tC97.1,4.8,93.5,4.2,93.6,4.4z M65.4,11.1c-0.1,0.3,0.3,0.5,1.9-0.2s2.6-1.3,2.2-1.2s-0.9,0.4-2.5,0.8C65.3,10.9,65.5,10.8,65.4,11.1\tz M34.5,12.4c-0.2,0,2.1,0.8,3.3,0.9c1.2,0.1,2,0.1,2-0.2c0-0.3-0.1-0.5-1.6-0.4C36.6,12.8,34.7,12.4,34.5,12.4z M152.2,21.1\tc-0.1,0.1-2.4-0.3-7.5-0.3c-5,0-13.6-2.4-17.2-3.5c-3.6-1.1,10,3.9,16.5,4.1C150.5,21.6,152.3,21,152.2,21.1z\"\/>\n\t<path class=\"elementor-shape-fill\" d=\"M269.6,18c-0.1-0.1-4.6,0.3-7.2,0c-7.3-0.7-17-3.2-16.6-2.9c0.4,0.3,13.7,3.1,17,3.3\tC267.7,18.8,269.7,18,269.6,18z\"\/>\n\t<path class=\"elementor-shape-fill\" d=\"M227.4,9.8c-0.2-0.1-4.5-1-9.5-1.2c-5-0.2-12.7,0.6-12.3,0.5c0.3-0.1,5.9-1.8,13.3-1.2\tS227.6,9.9,227.4,9.8z\"\/>\n\t<path class=\"elementor-shape-fill\" d=\"M204.5,13.4c-0.1-0.1,2-1,3.2-1.1c1.2-0.1,2,0,2,0.3c0,0.3-0.1,0.5-1.6,0.4\tC206.4,12.9,204.6,13.5,204.5,13.4z\"\/>\n\t<path class=\"elementor-shape-fill\" d=\"M201,10.6c0-0.1-4.4,1.2-6.3,2.2c-1.9,0.9-6.2,3.1-6.1,3.1c0.1,0.1,4.2-1.6,6.3-2.6\tS201,10.7,201,10.6z\"\/>\n\t<path class=\"elementor-shape-fill\" d=\"M154.5,26.7c-0.1-0.1-4.6,0.3-7.2,0c-7.3-0.7-17-3.2-16.6-2.9c0.4,0.3,13.7,3.1,17,3.3\tC152.6,27.5,154.6,26.8,154.5,26.7z\"\/>\n\t<path class=\"elementor-shape-fill\" d=\"M41.9,19.3c0,0,1.2-0.3,2.9-0.1c1.7,0.2,5.8,0.9,8.2,0.7c4.2-0.4,7.4-2.7,7-2.6\tc-0.4,0-4.3,2.2-8.6,1.9c-1.8-0.1-5.1-0.5-6.7-0.4S41.9,19.3,41.9,19.3z\"\/>\n\t<path class=\"elementor-shape-fill\" d=\"M75.5,12.6c0.2,0.1,2-0.8,4.3-1.1c2.3-0.2,2.1-0.3,2.1-0.5c0-0.1-1.8-0.4-3.4,0\tC76.9,11.5,75.3,12.5,75.5,12.6z\"\/>\n\t<path class=\"elementor-shape-fill\" d=\"M15.6,13.2c0-0.1,4.3,0,6.7,0.5c2.4,0.5,5,1.9,5,2c0,0.1-2.7-0.8-5.1-1.4\tC19.9,13.7,15.7,13.3,15.6,13.2z\"\/>\n<\/svg>\t\t<\/div>\n\t\t\t\t\t<div class=\"elementor-container elementor-column-gap-default\">\n\t\t\t\t\t<div class=\"elementor-column elementor-col-100 elementor-top-column elementor-element elementor-element-10366ed\" data-id=\"10366ed\" data-element_type=\"column\" data-e-type=\"column\">\n\t\t\t<div class=\"elementor-widget-wrap elementor-element-populated\">\n\t\t\t\t\t\t<div class=\"elementor-element elementor-element-0101d4e elementor-align-center no-hover-shadow elementor-tablet-align-center elementor-widget elementor-widget-button\" data-id=\"0101d4e\" data-element_type=\"widget\" data-e-type=\"widget\" data-widget_type=\"button.default\">\n\t\t\t\t<div class=\"elementor-widget-container\">\n\t\t\t\t\t\t\t\t\t<div class=\"elementor-button-wrapper\">\n\t\t\t\t\t<a class=\"elementor-button elementor-button-link elementor-size-sm\" href=\"https:\/\/www.parcoversinvigna.it\/wp-content\/uploads\/2026\/01\/sentiero-remo-poggio.pdf\" target=\"_blank\">\n\t\t\t\t\t\t<span class=\"elementor-button-content-wrapper\">\n\t\t\t\t\t\t\t\t\t<span class=\"elementor-button-text\">Scarica in PDF il percorso, la descrizione e l'itinerario del sentiero Remo Poggio<\/span>\n\t\t\t\t\t<\/span>\n\t\t\t\t\t<\/a>\n\t\t\t\t<\/div>\n\t\t\t\t\t\t\t\t<\/div>\n\t\t\t\t<\/div>\n\t\t\t\t\t<\/div>\n\t\t<\/div>\n\t\t\t\t\t<\/div>\n\t\t<\/section>\n\t\t\t\t<\/div>\n\t\t","protected":false},"excerpt":{"rendered":"","protected":false},"author":1,"featured_media":0,"parent":0,"menu_order":0,"comment_status":"closed","ping_status":"closed","template":"","meta":{"inline_featured_image":false,"footnotes":""},"categories":[],"tags":[],"class_list":{"0":"post-5661","1":"page","2":"type-page","3":"status-publish","5":"no-featured-image-padding"},"_links":{"self":[{"href":"https:\/\/www.parcoversinvigna.it\/en\/wp-json\/wp\/v2\/pages\/5661","targetHints":{"allow":["GET"]}}],"collection":[{"href":"https:\/\/www.parcoversinvigna.it\/en\/wp-json\/wp\/v2\/pages"}],"about":[{"href":"https:\/\/www.parcoversinvigna.it\/en\/wp-json\/wp\/v2\/types\/page"}],"author":[{"embeddable":true,"href":"https:\/\/www.parcoversinvigna.it\/en\/wp-json\/wp\/v2\/users\/1"}],"replies":[{"embeddable":true,"href":"https:\/\/www.parcoversinvigna.it\/en\/wp-json\/wp\/v2\/comments?post=5661"}],"version-history":[{"count":35,"href":"https:\/\/www.parcoversinvigna.it\/en\/wp-json\/wp\/v2\/pages\/5661\/revisions"}],"predecessor-version":[{"id":5874,"href":"https:\/\/www.parcoversinvigna.it\/en\/wp-json\/wp\/v2\/pages\/5661\/revisions\/5874"}],"wp:attachment":[{"href":"https:\/\/www.parcoversinvigna.it\/en\/wp-json\/wp\/v2\/media?parent=5661"}],"wp:term":[{"taxonomy":"category","embeddable":true,"href":"https:\/\/www.parcoversinvigna.it\/en\/wp-json\/wp\/v2\/categories?post=5661"},{"taxonomy":"post_tag","embeddable":true,"href":"https:\/\/www.parcoversinvigna.it\/en\/wp-json\/wp\/v2\/tags?post=5661"}],"curies":[{"name":"wp","href":"https:\/\/api.w.org\/{rel}","templated":true}]}}